{"id":553,"date":"2021-03-24T21:02:03","date_gmt":"2021-03-25T00:02:03","guid":{"rendered":"https:\/\/campanhasolidaria.ccab.org.br\/?page_id=553"},"modified":"2021-03-29T14:33:39","modified_gmt":"2021-03-29T17:33:39","slug":"a-campanha","status":"publish","type":"page","link":"https:\/\/responsabilidadesocial.ccab.org.br\/?page_id=553","title":{"rendered":"C\u00e2mara \u00c1rabe lan\u00e7a campanha de doa\u00e7\u00f5es para arrecada\u00e7\u00e3o de cestas b\u00e1sicas"},"content":{"rendered":"\n<p>Com o objetivo de ajudar a popula\u00e7\u00e3o vulner\u00e1vel neste per\u00edodo cr\u00edtico de pandemia em S\u00e3o Paulo, a C\u00e2mara \u00c1rabe anuncia nesta quinta-feira (25\/3) a campanha de arrecada\u00e7\u00e3o para a distribui\u00e7\u00e3o de alimentos que entregar\u00e1 cestas b\u00e1sicas para a popula\u00e7\u00e3o carente.<\/p>\n\n\n\n<p>A iniciativa da CCAB tem o apoio do Comit\u00ea de Mulheres da entidade \u2013 WAHI (Mulheres que Inspiram) e na primeira fase desta campanha as doa\u00e7\u00f5es ser\u00e3o entregues para&nbsp;comunidades carentes na capital paulista, al\u00e9m de atender uma solicita\u00e7\u00e3o de arrecada\u00e7\u00e3o para cestas b\u00e1sicas da Prefeitura Municipal de S\u00e3o Paulo.<\/p>\n\n\n\n<p>A entidade tamb\u00e9m mobilizar\u00e1 associados, entidades p\u00fablicas e privadas e a comunidade \u00e1rabe, para juntos unirmos for\u00e7as e ajudar o maior n\u00famero de fam\u00edlias.<\/p>\n\n\n\n<p>Os interessados em colaborar, podem fazer doa\u00e7\u00f5es para conta exclusiva da campanha que viabilizar\u00e1 a aquisi\u00e7\u00e3o de cestas. Vale ressaltar que uma cesta b\u00e1sica alimenta uma fam\u00edlia de 4 pessoas por um m\u00eas e tem o custo m\u00e9dio de R$ 60,00 e os itens compreendidos na cesta est\u00e3o no&nbsp;<strong>Quadro 1 abaixo.<\/strong><\/p>\n\n\n\n<figure class=\"wp-block-pullquote has-background is-style-default\" style=\"border-color:#05002e\"><blockquote class=\"has-text-color has-black-color\"><p><strong>A sua colabora\u00e7\u00e3o \u00e9 essencial para juntos <\/strong><br><strong>vencermos esta batalha!&nbsp;<\/strong><\/p><\/blockquote><\/figure>\n\n\n\n<p><strong>Contribua atrav\u00e9s das op\u00e7\u00f5es abaixo:<\/strong><\/p>\n\n\n\n<p><strong>Chave PIX<\/strong><br><a href=\"mailto:campanha@ccab.org.br\">campanha@ccab.org.br<\/a><\/p>\n\n\n\n<p><strong>Dep\u00f3sito Banc\u00e1rio<\/strong><br>*BANCO SANTANDER \u2013 N\u00ba 033<br>AG &#8211; 3681<br>CC &#8211; 13003341-5<br>CNPJ &#8211; 62.659.784\/0001-11<br>Empresa &#8211; CAMARA DE COMERCIO \u00c1RABE BRASILEIRA<\/p>\n\n\n\n<p>Para mais informa\u00e7\u00f5es contate-nos atrav\u00e9s do e-mail:&nbsp;<a href=\"mailto:campanha@ccab.org.br\">campanha@ccab.org.br<\/a>&nbsp;ou nossas redes sociais (\u00edcones redes)<\/p>\n\n\n\n<p class=\"has-text-align-left quadro1\"><strong><u>Quadro 1 &#8211; ITENS QUE COMP\u00d5EM A CESTA B\u00c1SICA&nbsp;<\/u><\/strong><\/p>\n\n\n\n<ol class=\"wp-block-list\" type=\"1\"><li>Arroz agulhinha: 5 kg<\/li><li>Feij\u00e3o carioquinha: 1 kg<\/li><li>Farinha de trigo: 1 kg<\/li><li>Fub\u00e1: 500 g<\/li><li>Farinha de mandioca: 500 g<\/li><li>Biscoito de amido de milho: 200 g<\/li><li>Macarr\u00e3o tipo espaguete: 1 pacote 500 g&nbsp;<\/li><li>A\u00e7\u00facar refinado: 1 kg<\/li><li>Sal: 1 kg<\/li><li>\u00d3leo de soja: 900 ml<\/li><li>Caf\u00e9: 250 g<\/li><li>Polpa ou pur\u00ea de tomate: 140 g<\/li><li>Biscoito Recheado de chocolate: 1 pacote &#8211; 115g<\/li><li>Bala Mastig\u00e1vel<\/li><\/ol>\n","protected":false},"excerpt":{"rendered":"<p>Com o objetivo de ajudar a popula\u00e7\u00e3o vulner\u00e1vel neste per\u00edodo cr\u00edtico de pandemia em S\u00e3o Paulo, a C\u00e2mara \u00c1rabe anuncia nesta quinta-feira (25\/3) a campanha de arrecada\u00e7\u00e3o para a distribui\u00e7\u00e3o de alimentos que entregar\u00e1 cestas b\u00e1sicas para a popula\u00e7\u00e3o carente. A iniciativa da CCAB tem o apoio do Comit\u00ea de Mulheres da entidade \u2013 WAHI (Mulheres que Inspiram) e na &hellip; <\/p>\n","protected":false},"author":3,"featured_media":0,"parent":0,"menu_order":0,"comment_status":"closed","ping_status":"closed","template":"","meta":{"om_disable_all_campaigns":false,"_monsterinsights_skip_tracking":false,"_monsterinsights_sitenote_active":false,"_monsterinsights_sitenote_note":"","_monsterinsights_sitenote_category":0,"footnotes":""},"class_list":["post-553","page","type-page","status-publish","hentry"],"aioseo_notices":[],"_links":{"self":[{"href":"https:\/\/responsabilidadesocial.ccab.org.br\/index.php?rest_route=\/wp\/v2\/pages\/553","targetHints":{"allow":["GET"]}}],"collection":[{"href":"https:\/\/responsabilidadesocial.ccab.org.br\/index.php?rest_route=\/wp\/v2\/pages"}],"about":[{"href":"https:\/\/responsabilidadesocial.ccab.org.br\/index.php?rest_route=\/wp\/v2\/types\/page"}],"author":[{"embeddable":true,"href":"https:\/\/responsabilidadesocial.ccab.org.br\/index.php?rest_route=\/wp\/v2\/users\/3"}],"replies":[{"embeddable":true,"href":"https:\/\/responsabilidadesocial.ccab.org.br\/index.php?rest_route=%2Fwp%2Fv2%2Fcomments&post=553"}],"version-history":[{"count":10,"href":"https:\/\/responsabilidadesocial.ccab.org.br\/index.php?rest_route=\/wp\/v2\/pages\/553\/revisions"}],"predecessor-version":[{"id":664,"href":"https:\/\/responsabilidadesocial.ccab.org.br\/index.php?rest_route=\/wp\/v2\/pages\/553\/revisions\/664"}],"wp:attachment":[{"href":"https:\/\/responsabilidadesocial.ccab.org.br\/index.php?rest_route=%2Fwp%2Fv2%2Fmedia&parent=553"}],"curies":[{"name":"wp","href":"https:\/\/api.w.org\/{rel}","templated":true}]}}